{"id":787,"date":"2013-05-02T13:44:25","date_gmt":"2013-05-02T11:44:25","guid":{"rendered":"http:\/\/elektriker-delitzsch.de\/?page_id=787"},"modified":"2013-05-02T13:44:25","modified_gmt":"2013-05-02T11:44:25","slug":"leuchtmittel","status":"publish","type":"page","link":"http:\/\/elektriker-delitzsch.de\/?page_id=787","title":{"rendered":"Leuchtmittel"},"content":{"rendered":"<p>Wir bieten ein breites Sortiment an Leuchtmitteln an. Gerne informieren wir sie \u00fcber die passende Beleuchtung f\u00fcr die verschiedenen Einsatzzwecke.<\/p>\n<p>In Neubauten, bzw. bei Renovierungsarbeiten sollte man immer innovative Beleuchtungsmittel in Betracht ziehen. Mittlerweile sind auch LED-Leuchten sinnvoll, da sie bei einer geringen Leistungsaufnahme beachtliche Lichtwerte erzielen. Der investierte Mehrpreis amortisiert sich relativ schnell, da sie gegen\u00fcber herk\u00f6mmlichen Energiesparlampen oft 50% Stromkosten sparen k\u00f6nnen.<\/p>\n","protected":false},"excerpt":{"rendered":"<p>Wir bieten ein breites Sortiment an Leuchtmitteln an. Gerne informieren wir sie \u00fcber die passende Beleuchtung f\u00fcr die verschiedenen Einsatzzwecke. In Neubauten, bzw. bei Renovierungsarbeiten sollte man immer innovative Beleuchtungsmittel in Betracht ziehen. Mittlerweile sind auch LED-Leuchten sinnvoll, da sie bei einer geringen Leistungsaufnahme beachtliche Lichtwerte erzielen. Der investierte Mehrpreis &#8230;<\/p>\n","protected":false},"author":1,"featured_media":0,"parent":186,"menu_order":0,"comment_status":"closed","ping_status":"closed","template":"template-full-width.php","meta":[],"_links":{"self":[{"href":"http:\/\/elektriker-delitzsch.de\/index.php?rest_route=\/wp\/v2\/pages\/787"}],"collection":[{"href":"http:\/\/elektriker-delitzsch.de\/index.php?rest_route=\/wp\/v2\/pages"}],"about":[{"href":"http:\/\/elektriker-delitzsch.de\/index.php?rest_route=\/wp\/v2\/types\/page"}],"author":[{"embeddable":true,"href":"http:\/\/elektriker-delitzsch.de\/index.php?rest_route=\/wp\/v2\/users\/1"}],"replies":[{"embeddable":true,"href":"http:\/\/elektriker-delitzsch.de\/index.php?rest_route=%2Fwp%2Fv2%2Fcomments&post=787"}],"version-history":[{"count":1,"href":"http:\/\/elektriker-delitzsch.de\/index.php?rest_route=\/wp\/v2\/pages\/787\/revisions"}],"predecessor-version":[{"id":788,"href":"http:\/\/elektriker-delitzsch.de\/index.php?rest_route=\/wp\/v2\/pages\/787\/revisions\/788"}],"up":[{"embeddable":true,"href":"http:\/\/elektriker-delitzsch.de\/index.php?rest_route=\/wp\/v2\/pages\/186"}],"wp:attachment":[{"href":"http:\/\/elektriker-delitzsch.de\/index.php?rest_route=%2Fwp%2Fv2%2Fmedia&parent=787"}],"curies":[{"name":"wp","href":"https:\/\/api.w.org\/{rel}","templated":true}]}}