{"id":599,"date":"2013-02-08T17:51:46","date_gmt":"2013-02-08T15:51:46","guid":{"rendered":"http:\/\/elektriker-delitzsch.de\/?page_id=599"},"modified":"2013-03-27T10:56:25","modified_gmt":"2013-03-27T08:56:25","slug":"kreuzschaltung","status":"publish","type":"page","link":"http:\/\/elektriker-delitzsch.de\/?page_id=599","title":{"rendered":"Kreuzschaltung"},"content":{"rendered":"<p>Bei der Kreuzschaltung werden zwei\u00a0Wechselschalter\u00a0am Anfang und am Ende der Kette und eine beliebige Anzahl\u00a0Kreuzschalter\u00a0dazwischen gesetzt (Abb.1). Ein Kreuzschalter enth\u00e4lt zwei mechanisch verbundene einpolige Umschalter, die so verbunden sind, dass mit einer Bet\u00e4tigung zwischen einer \u201egeraden\u201c Verbindung zwischen zwei Klemmenpaaren (Links 1 &#8211; Rechts 1 \/ Links 2 &#8211; Rechts 2) auf eine \u201egekreuzte\u201c Verbindung (Links 1 &#8211; Rechts 2 \/ Links 2 &#8211; Rechts 1) gewechselt werden kann.<\/p>\n<p>Die Schalter werden mit jeweils zwei Adern verbunden, von denen immer die eine oder die andere Strom f\u00fchrt &#8211; je nach Schaltzustand der einzelnen Schalter &#8211; und die zweite jeweils nicht. Bei der Bet\u00e4tigung eines beliebigen Schalters vertauschen die weiterf\u00fchrenden Adern ihren Zustand.<\/p>\n<p>Der erste bzw. letzte Schalter kann, muss aber nicht als Kreuzschalter ausgef\u00fchrt werden, da vor dem ersten Schalter feststeht, welche Ader Strom f\u00fchrt und somit nur diese auf verbunden werden muss, beziehungsweise beim letzten Schalter nur eine der beiden Adern zur Last weiter verbunden wird.<\/p>\n<p>Die acht m\u00f6glichen Kombinationen der Wechselschalter A und C und des Kreuzschalters B in einer Kreuzschaltung<\/p>\n<dl>\n<dd>\n<table>\n<tbody>\n<tr>\n<th>Aus<\/th>\n<th>An<\/th>\n<\/tr>\n<tr>\n<td><a href=\"http:\/\/commons.wikimedia.org\/wiki\/File:4-way_switches_position_1_uni.svg\"><img loading=\"lazy\" alt=\"4-way switches position 1 uni.svg\" src=\"http:\/\/upload.wikimedia.org\/wikipedia\/commons\/thumb\/2\/20\/4-way_switches_position_1_uni.svg\/350px-4-way_switches_position_1_uni.svg.png\" srcset=\"\/\/upload.wikimedia.org\/wikipedia\/commons\/thumb\/2\/20\/4-way_switches_position_1_uni.svg\/525px-4-way_switches_position_1_uni.svg.png 1.5x, \/\/upload.wikimedia.org\/wikipedia\/commons\/thumb\/2\/20\/4-way_switches_position_1_uni.svg\/700px-4-way_switches_position_1_uni.svg.png 2x\" width=\"350\" height=\"175\" \/><\/a><\/td>\n<td><a href=\"http:\/\/commons.wikimedia.org\/wiki\/File:4-way_switches_position_2_uni.svg\"><img loading=\"lazy\" alt=\"4-way switches position 2 uni.svg\" src=\"http:\/\/upload.wikimedia.org\/wikipedia\/commons\/thumb\/f\/f8\/4-way_switches_position_2_uni.svg\/350px-4-way_switches_position_2_uni.svg.png\" srcset=\"\/\/upload.wikimedia.org\/wikipedia\/commons\/thumb\/f\/f8\/4-way_switches_position_2_uni.svg\/525px-4-way_switches_position_2_uni.svg.png 1.5x, \/\/upload.wikimedia.org\/wikipedia\/commons\/thumb\/f\/f8\/4-way_switches_position_2_uni.svg\/700px-4-way_switches_position_2_uni.svg.png 2x\" width=\"350\" height=\"175\" \/><\/a><\/td>\n<\/tr>\n<tr>\n<td><a href=\"http:\/\/commons.wikimedia.org\/wiki\/File:4-way_switches_position_3_uni.svg\"><img loading=\"lazy\" alt=\"4-way switches position 3 uni.svg\" src=\"http:\/\/upload.wikimedia.org\/wikipedia\/commons\/thumb\/5\/54\/4-way_switches_position_3_uni.svg\/350px-4-way_switches_position_3_uni.svg.png\" srcset=\"\/\/upload.wikimedia.org\/wikipedia\/commons\/thumb\/5\/54\/4-way_switches_position_3_uni.svg\/525px-4-way_switches_position_3_uni.svg.png 1.5x, \/\/upload.wikimedia.org\/wikipedia\/commons\/thumb\/5\/54\/4-way_switches_position_3_uni.svg\/700px-4-way_switches_position_3_uni.svg.png 2x\" width=\"350\" height=\"175\" \/><\/a><\/td>\n<td><a href=\"http:\/\/commons.wikimedia.org\/wiki\/File:4-way_switches_position_4_uni.svg\"><img loading=\"lazy\" alt=\"4-way switches position 4 uni.svg\" src=\"http:\/\/upload.wikimedia.org\/wikipedia\/commons\/thumb\/8\/83\/4-way_switches_position_4_uni.svg\/350px-4-way_switches_position_4_uni.svg.png\" srcset=\"\/\/upload.wikimedia.org\/wikipedia\/commons\/thumb\/8\/83\/4-way_switches_position_4_uni.svg\/525px-4-way_switches_position_4_uni.svg.png 1.5x, \/\/upload.wikimedia.org\/wikipedia\/commons\/thumb\/8\/83\/4-way_switches_position_4_uni.svg\/700px-4-way_switches_position_4_uni.svg.png 2x\" width=\"350\" height=\"175\" \/><\/a><\/td>\n<\/tr>\n<tr>\n<td><a href=\"http:\/\/commons.wikimedia.org\/wiki\/File:4-way_switches_position_5_uni.svg\"><img loading=\"lazy\" alt=\"4-way switches position 5 uni.svg\" src=\"http:\/\/upload.wikimedia.org\/wikipedia\/commons\/thumb\/0\/0d\/4-way_switches_position_5_uni.svg\/350px-4-way_switches_position_5_uni.svg.png\" srcset=\"\/\/upload.wikimedia.org\/wikipedia\/commons\/thumb\/0\/0d\/4-way_switches_position_5_uni.svg\/525px-4-way_switches_position_5_uni.svg.png 1.5x, \/\/upload.wikimedia.org\/wikipedia\/commons\/thumb\/0\/0d\/4-way_switches_position_5_uni.svg\/700px-4-way_switches_position_5_uni.svg.png 2x\" width=\"350\" height=\"175\" \/><\/a><\/td>\n<td><a href=\"http:\/\/commons.wikimedia.org\/wiki\/File:4-way_switches_position_6_uni.svg\"><img loading=\"lazy\" alt=\"4-way switches position 6 uni.svg\" src=\"http:\/\/upload.wikimedia.org\/wikipedia\/commons\/thumb\/0\/04\/4-way_switches_position_6_uni.svg\/350px-4-way_switches_position_6_uni.svg.png\" srcset=\"\/\/upload.wikimedia.org\/wikipedia\/commons\/thumb\/0\/04\/4-way_switches_position_6_uni.svg\/525px-4-way_switches_position_6_uni.svg.png 1.5x, \/\/upload.wikimedia.org\/wikipedia\/commons\/thumb\/0\/04\/4-way_switches_position_6_uni.svg\/700px-4-way_switches_position_6_uni.svg.png 2x\" width=\"350\" height=\"175\" \/><\/a><\/td>\n<\/tr>\n<tr>\n<td><a href=\"http:\/\/commons.wikimedia.org\/wiki\/File:4-way_switches_position_7_uni.svg\"><img loading=\"lazy\" alt=\"4-way switches position 7 uni.svg\" src=\"http:\/\/upload.wikimedia.org\/wikipedia\/commons\/thumb\/0\/0e\/4-way_switches_position_7_uni.svg\/350px-4-way_switches_position_7_uni.svg.png\" srcset=\"\/\/upload.wikimedia.org\/wikipedia\/commons\/thumb\/0\/0e\/4-way_switches_position_7_uni.svg\/525px-4-way_switches_position_7_uni.svg.png 1.5x, \/\/upload.wikimedia.org\/wikipedia\/commons\/thumb\/0\/0e\/4-way_switches_position_7_uni.svg\/700px-4-way_switches_position_7_uni.svg.png 2x\" width=\"350\" height=\"175\" \/><\/a><\/td>\n<td><a href=\"http:\/\/commons.wikimedia.org\/wiki\/File:4-way_switches_position_8_uni.svg\"><img loading=\"lazy\" alt=\"4-way switches position 8 uni.svg\" src=\"http:\/\/upload.wikimedia.org\/wikipedia\/commons\/thumb\/b\/b1\/4-way_switches_position_8_uni.svg\/350px-4-way_switches_position_8_uni.svg.png\" srcset=\"\/\/upload.wikimedia.org\/wikipedia\/commons\/thumb\/b\/b1\/4-way_switches_position_8_uni.svg\/525px-4-way_switches_position_8_uni.svg.png 1.5x, \/\/upload.wikimedia.org\/wikipedia\/commons\/thumb\/b\/b1\/4-way_switches_position_8_uni.svg\/700px-4-way_switches_position_8_uni.svg.png 2x\" width=\"350\" height=\"175\" \/><\/a><\/td>\n<\/tr>\n<\/tbody>\n<\/table>\n<p>Quelle: <a title=\"Kreuzschaltung\" href=\"http:\/\/de.wikipedia.org\/wiki\/Kreuzschaltung\" target=\"_blank\">Wikipedia<\/a>\u00a0(abgerufen am 27.03.2013)<\/p>\n<\/dd>\n<\/dl>\n","protected":false},"excerpt":{"rendered":"<p>Bei der Kreuzschaltung werden zwei\u00a0Wechselschalter\u00a0am Anfang und am Ende der Kette und eine beliebige Anzahl\u00a0Kreuzschalter\u00a0dazwischen gesetzt (Abb.1). Ein Kreuzschalter enth\u00e4lt zwei mechanisch verbundene einpolige Umschalter, die so verbunden sind, dass mit einer Bet\u00e4tigung zwischen einer \u201egeraden\u201c Verbindung zwischen zwei Klemmenpaaren (Links 1 &#8211; Rechts 1 \/ Links 2 &#8211; Rechts &#8230;<\/p>\n","protected":false},"author":1,"featured_media":0,"parent":582,"menu_order":0,"comment_status":"closed","ping_status":"closed","template":"template-full-width.php","meta":[],"_links":{"self":[{"href":"http:\/\/elektriker-delitzsch.de\/index.php?rest_route=\/wp\/v2\/pages\/599"}],"collection":[{"href":"http:\/\/elektriker-delitzsch.de\/index.php?rest_route=\/wp\/v2\/pages"}],"about":[{"href":"http:\/\/elektriker-delitzsch.de\/index.php?rest_route=\/wp\/v2\/types\/page"}],"author":[{"embeddable":true,"href":"http:\/\/elektriker-delitzsch.de\/index.php?rest_route=\/wp\/v2\/users\/1"}],"replies":[{"embeddable":true,"href":"http:\/\/elektriker-delitzsch.de\/index.php?rest_route=%2Fwp%2Fv2%2Fcomments&post=599"}],"version-history":[{"count":5,"href":"http:\/\/elektriker-delitzsch.de\/index.php?rest_route=\/wp\/v2\/pages\/599\/revisions"}],"predecessor-version":[{"id":753,"href":"http:\/\/elektriker-delitzsch.de\/index.php?rest_route=\/wp\/v2\/pages\/599\/revisions\/753"}],"up":[{"embeddable":true,"href":"http:\/\/elektriker-delitzsch.de\/index.php?rest_route=\/wp\/v2\/pages\/582"}],"wp:attachment":[{"href":"http:\/\/elektriker-delitzsch.de\/index.php?rest_route=%2Fwp%2Fv2%2Fmedia&parent=599"}],"curies":[{"name":"wp","href":"https:\/\/api.w.org\/{rel}","templated":true}]}}