{"id":570,"date":"2013-02-08T17:13:28","date_gmt":"2013-02-08T15:13:28","guid":{"rendered":"http:\/\/elektriker-delitzsch.de\/?page_id=570"},"modified":"2013-02-13T16:09:58","modified_gmt":"2013-02-13T14:09:58","slug":"schutzleiter","status":"publish","type":"page","link":"http:\/\/elektriker-delitzsch.de\/?page_id=570","title":{"rendered":"Schutzleiter"},"content":{"rendered":"<h4><span style=\"text-decoration: underline;\">Schutzleiter<\/span><\/h4>\n<p>Der Schutzleiter wird immer ben\u00f6tigt, sobald das elektrische Ger\u00e4t ganz oder teilweise aus einem elektrischen Leiter besteht. Der Schutzleiter ist immer mit der Erde (PE) des Geb\u00e4udes verbunden und &#8222;erdet&#8220; somit das Ger\u00e4t. Sollte also Strom \u00fcber das Geh\u00e4use des elektrischen Ger\u00e4ts flie\u00dfen, flie\u00dft er \u00fcber die Erde ab und ergibt den Fehlerstrom, was wiederum zum Ausl\u00f6sen des FI Schutzschalters f\u00fchrt. Es bringt also nichts, nur einen Schutzschalter zu installieren, es m\u00fcssen auch alle Steckdosen und elektr. Ger\u00e4te \u00fcber den gr\u00fcn\/gelben Schutzleiter verf\u00fcgen.<\/p>\n<p>Die aktuelle DIN\u00a0VDE\u00a00100-410 \u201eErrichten von\u00a0Niederspannungsanlagen\u00a0\u2013 Schutzma\u00dfnahmen;\u00a0<i>Schutz gegen elektrischen Schlag<\/i>\u201c schreibt eine Reihe von Ma\u00dfnahmen zum Schutz gegen elektrischen Schlag vor. Grunds\u00e4tzlich verlangt die DIN VDE, dass eine Schutzma\u00dfnahme aus einer geeigneten Kombination von zwei voneinander unabh\u00e4ngigen Schutzvorkehrungen besteht. Es handelt sich dabei in der Regel um eine Basisschutzvorkehrung und eine Fehlerschutzvorkehrung.<\/p>\n<p>Eine wesentliche Forderung ist die Schutzma\u00dfnahme \u201e<i>Automatische Abschaltung der Stromversorgung<\/i>\u201c im Fehlerfalle, die sich aus dem Basisschutz (Schutz gegen direktes Ber\u00fchren) und dem Fehlerschutz (Schutz gegen indirektes Ber\u00fchren) zusammensetzt. Der Schutzleiter ist dabei eine wesentliche Voraussetzung f\u00fcr die beiden Teilma\u00dfnahmen \u201eSchutzerdung\u00a0und\u00a0Schutzpotentialausgleich\u201c und \u201eAutomatische Abschaltung im Fehlerfall\u201c.\u00a0<i>Der Schutzleiter stellt eine elektrisch leitende Verbindung zwischen den ber\u00fchrbaren, elektrisch leitf\u00e4higen Teilen eines Betriebsmittels und der Erdungsanlage her<\/i>\u00a0und bildet so einen Stromkreis f\u00fcr den Fehlerfall.<\/p>\n<p>F\u00fcr Endstromkreise mit einem Nennstrom bis 32\u00a0A sind f\u00fcr das g\u00e4ngige 230\/400\u00a0V-TN-Wechselstromnetz\u00a0<i>maximale Abschaltzeiten von 0,2\u00a0Sekunden festgelegt<\/i>.<\/p>\n<p>&nbsp;<\/p>\n<p>Quelle: <a title=\"Wiki Schutzleiter\" href=\"http:\/\/de.wikipedia.org\/wiki\/Schutzleiter\" target=\"_blank\">Wikipedia<\/a>\u00a0(abgerufen 08.02.2013)<\/p>\n","protected":false},"excerpt":{"rendered":"<p>Schutzleiter Der Schutzleiter wird immer ben\u00f6tigt, sobald das elektrische Ger\u00e4t ganz oder teilweise aus einem elektrischen Leiter besteht. Der Schutzleiter ist immer mit der Erde (PE) des Geb\u00e4udes verbunden und &#8222;erdet&#8220; somit das Ger\u00e4t. Sollte also Strom \u00fcber das Geh\u00e4use des elektrischen Ger\u00e4ts flie\u00dfen, flie\u00dft er \u00fcber die Erde ab &#8230;<\/p>\n","protected":false},"author":1,"featured_media":0,"parent":554,"menu_order":0,"comment_status":"closed","ping_status":"closed","template":"template-full-width.php","meta":[],"_links":{"self":[{"href":"http:\/\/elektriker-delitzsch.de\/index.php?rest_route=\/wp\/v2\/pages\/570"}],"collection":[{"href":"http:\/\/elektriker-delitzsch.de\/index.php?rest_route=\/wp\/v2\/pages"}],"about":[{"href":"http:\/\/elektriker-delitzsch.de\/index.php?rest_route=\/wp\/v2\/types\/page"}],"author":[{"embeddable":true,"href":"http:\/\/elektriker-delitzsch.de\/index.php?rest_route=\/wp\/v2\/users\/1"}],"replies":[{"embeddable":true,"href":"http:\/\/elektriker-delitzsch.de\/index.php?rest_route=%2Fwp%2Fv2%2Fcomments&post=570"}],"version-history":[{"count":5,"href":"http:\/\/elektriker-delitzsch.de\/index.php?rest_route=\/wp\/v2\/pages\/570\/revisions"}],"predecessor-version":[{"id":657,"href":"http:\/\/elektriker-delitzsch.de\/index.php?rest_route=\/wp\/v2\/pages\/570\/revisions\/657"}],"up":[{"embeddable":true,"href":"http:\/\/elektriker-delitzsch.de\/index.php?rest_route=\/wp\/v2\/pages\/554"}],"wp:attachment":[{"href":"http:\/\/elektriker-delitzsch.de\/index.php?rest_route=%2Fwp%2Fv2%2Fmedia&parent=570"}],"curies":[{"name":"wp","href":"https:\/\/api.w.org\/{rel}","templated":true}]}}