{"id":569,"date":"2013-02-08T17:13:19","date_gmt":"2013-02-08T15:13:19","guid":{"rendered":"http:\/\/elektriker-delitzsch.de\/?page_id=569"},"modified":"2013-02-13T16:09:37","modified_gmt":"2013-02-13T14:09:37","slug":"fi-schutzschalter","status":"publish","type":"page","link":"http:\/\/elektriker-delitzsch.de\/?page_id=569","title":{"rendered":"FI Schutzschalter"},"content":{"rendered":"<p>FI Schutzschalter<\/p>\n<p>Wann und warum brauche ich einen Fehlerstromschutzschalter?<\/p>\n<p>Ein FI-Schutzschalter soll einen Stromabfluss \u00fcber den menschlichen K\u00f6rper vermeiden und wird vor den eigentlichen Sicherungen eingebaut. Sollte eine Person einen elektrischen Leiter ber\u00fchren und damit eine Strombr\u00fccke zur Erde herstellen, wird dies vom Schutzschalter registriert, welcher daraufhin den Stromfluss innerhalb innerhalb weniger Millisekunden \u00a0unterbricht.<\/p>\n<p>Nach DIN VDE 0100-100 ist die Sicherheit von Personen,\u00a0Nutztieren\u00a0und Sachwerten hinsichtlich der Gefahren und Sch\u00e4den sicherzustellen, die beim bestimmungsgem\u00e4\u00dfen Gebrauch elektrischer Anlagen entstehen k\u00f6nnen. Darunter fallen insbesondere Gefahren, die beim Ber\u00fchren unter Spannung stehender Teile von elektrischen Anlagen entstehen k\u00f6nnen. Dieser Schutz kann durch folgende Ma\u00dfnahmen erreicht werden:<\/p>\n<ul>\n<li>Verhindern, dass ein Fehlerstrom durch den K\u00f6rper einer Person oder eines Nutztieres flie\u00dft<\/li>\n<li>Begrenzen des Fehlerstroms, der durch einen K\u00f6rper flie\u00dft, auf einen ungef\u00e4hrlichen Wert<\/li>\n<li>Begrenzung des Fehlerstroms, der durch einen K\u00f6rper flie\u00dft, auf eine ungef\u00e4hrliche Zeitdauer<\/li>\n<\/ul>\n<p>Fehlerstrom-Schutzeinrichtungen zielen erg\u00e4nzend zu den Ma\u00dfnahmen \u201eSchutzerdung und Schutzpotentialausgleich\u201c (gem\u00e4\u00df DIN VDE 0100-410)\u00a0auf die zeitlich begrenzende Ma\u00dfnahme ab. Sie sch\u00fctzen gegen das Bestehenbleiben \u2013 nicht das Entstehen \u2013 eines unzul\u00e4ssig hohen Ber\u00fchrungsstroms (siehe auch\u00a0Ber\u00fchrungsspannung). Sie sind ein effizientes Mittel zur Vermeidung von gef\u00e4hrlichen\u00a0Stromunf\u00e4llen, insbesondere dem\u00a0Erdschluss\u00a0\u00fcber den K\u00f6rper.<\/p>\n<p>Ein weiterer sehr wesentlicher Aspekt f\u00fcr den Einsatz von Fehlerstromschutz-Einrichtungen ist der Brandschutz. In der Brandschutztechnik wird eine Fehlerleistung von mehr als 60 Watt bei l\u00e4ngerer Einwirkdauer als m\u00f6glicher Brandausl\u00f6ser eingestuft. Unter bestimmten Voraussetzungen muss sogar bei geringeren Leistungen mit Brandgefahr gerechnet werden. Aus brandschutztechnischen Gr\u00fcnden werden daher Schutzeinrichtungen, Melde- oder \u00dcberwachungsger\u00e4te mit einem Bemessungsdifferenzstrom\/Ansprechstrom \u2264\u00a0300\u00a0mA empfohlen.\u00a0Solche Schutzeinrichtungen f\u00fcr den vorbeugenden Brandschutz haben typisch eine verz\u00f6gerte Ausl\u00f6sung und eignen sich auch bedingt durch den hohen Bemessungsdifferenzstrom nicht f\u00fcr den Personenschutz.<\/p>\n<p>Im Gegensatz dazu dienen \u00dcberstromschutzeinrichtungen wie\u00a0Leitungsschutzschalter\u00a0oder\u00a0Schmelzsicherungen, die allgemein als \u201eSicherungen\u201c bezeichnet werden, haupts\u00e4chlich dem Schutz von Ger\u00e4ten und Installationen und bieten deshalb keinen hinreichenden Schutz vor Stromschlag: \u201edie Sicherung sch\u00fctzt die Leitung, die Fehlerstrom-Schutzeinrichtung den Menschen\u201c.<sup id=\"cite_ref-5\"><a href=\"http:\/\/de.wikipedia.org\/wiki\/Fehlerstromschutzschalter#cite_note-5\"><br \/>\n<\/a><\/sup><\/p>\n<p>Voraussetzung f\u00fcr ein verl\u00e4ssliches unmittelbares Ausl\u00f6sen der Fehlerstromschutz-Einrichtung bei einem unzul\u00e4ssig hohen Fehlerstrom ist eine normgerechte Auslegung der Kundenanlage, speziell hinsichtlich Schutzerdung und Potentialausgleich. Bei einfachen Fehlern wird durch den Erdkontakt eines betriebsm\u00e4\u00dfig spannungsf\u00fchrenden Leiters ein Stromkreis \u00fcber den Schutzleiter oder \u00fcber die Erde gebildet. Die netzseitigen Voraussetzungen sind bei europ\u00e4ischen Niederspannungsnetzen (bis auf Ausnahmen wie z.B. in\u00a0IT-Systemen, bei denen Fehlerstromschutz-Einrichtungen nur zur Erkennung von Mehrfachfehlern eingesetzt werden k\u00f6nnen) generell der Fall und sind durch das jeweilige\u00a0Energieversorgungsunternehmen\u00a0(EVU) gew\u00e4hrleistet. In den Abschnitten eines\u00a0TN-C-Systems, in dem der\u00a0Schutzleiter\u00a0(PE-Leiter) gleichzeitig\u00a0Neutralleiter\u00a0(N-Leiter) ist (und als\u00a0PEN-Leiter\u00a0bezeichnet wird), kann eine Fehlerstromschutz-Einrichtung erst nach der Aufspaltung in getrennte PE-Leiter und N-Leiter eingesetzt werden. Nach der Aufspaltung wird der N-Leiter \u00fcber die Fehlerstromschutz-Einrichtung gef\u00fchrt. Diese Aufspaltung des PEN-Leiters erfolgt \u00fcblicherweise im\u00a0Hausanschlusskasten, womit dies keine weiteren Auswirkungen auf die normale Haus- bzw. Wohnungsinstallation hat.<\/p>\n<p>&nbsp;<\/p>\n<p>Quelle:\u00a0<a title=\"Link FI Schutzschalter\" href=\"http:\/\/de.wikipedia.org\/wiki\/Fehlerstromschutzschalter\" target=\"_blank\">Wikipedia<\/a>\u00a0(abgerufen 08.02.2013)<\/p>\n","protected":false},"excerpt":{"rendered":"<p>FI Schutzschalter Wann und warum brauche ich einen Fehlerstromschutzschalter? Ein FI-Schutzschalter soll einen Stromabfluss \u00fcber den menschlichen K\u00f6rper vermeiden und wird vor den eigentlichen Sicherungen eingebaut. Sollte eine Person einen elektrischen Leiter ber\u00fchren und damit eine Strombr\u00fccke zur Erde herstellen, wird dies vom Schutzschalter registriert, welcher daraufhin den Stromfluss innerhalb &#8230;<\/p>\n","protected":false},"author":1,"featured_media":0,"parent":554,"menu_order":0,"comment_status":"closed","ping_status":"closed","template":"template-full-width.php","meta":[],"_links":{"self":[{"href":"http:\/\/elektriker-delitzsch.de\/index.php?rest_route=\/wp\/v2\/pages\/569"}],"collection":[{"href":"http:\/\/elektriker-delitzsch.de\/index.php?rest_route=\/wp\/v2\/pages"}],"about":[{"href":"http:\/\/elektriker-delitzsch.de\/index.php?rest_route=\/wp\/v2\/types\/page"}],"author":[{"embeddable":true,"href":"http:\/\/elektriker-delitzsch.de\/index.php?rest_route=\/wp\/v2\/users\/1"}],"replies":[{"embeddable":true,"href":"http:\/\/elektriker-delitzsch.de\/index.php?rest_route=%2Fwp%2Fv2%2Fcomments&post=569"}],"version-history":[{"count":3,"href":"http:\/\/elektriker-delitzsch.de\/index.php?rest_route=\/wp\/v2\/pages\/569\/revisions"}],"predecessor-version":[{"id":656,"href":"http:\/\/elektriker-delitzsch.de\/index.php?rest_route=\/wp\/v2\/pages\/569\/revisions\/656"}],"up":[{"embeddable":true,"href":"http:\/\/elektriker-delitzsch.de\/index.php?rest_route=\/wp\/v2\/pages\/554"}],"wp:attachment":[{"href":"http:\/\/elektriker-delitzsch.de\/index.php?rest_route=%2Fwp%2Fv2%2Fmedia&parent=569"}],"curies":[{"name":"wp","href":"https:\/\/api.w.org\/{rel}","templated":true}]}}