{"id":545,"date":"2013-01-30T18:34:23","date_gmt":"2013-01-30T16:34:23","guid":{"rendered":"http:\/\/elektriker-delitzsch.de\/?page_id=545"},"modified":"2013-02-18T15:31:07","modified_gmt":"2013-02-18T13:31:07","slug":"referenzen","status":"publish","type":"page","link":"http:\/\/elektriker-delitzsch.de\/?page_id=545","title":{"rendered":"Referenzen"},"content":{"rendered":"<table width=\"100%\" border=\"0\">\n<colgroup>\n<col width=\"30%\" \/>\n<col width=\"70%\" \/> <\/colgroup>\n<tbody>\n<tr>\n<td>\n<p><figure id=\"attachment_616\" aria-describedby=\"caption-attachment-616\" style=\"width: 300px\" class=\"wp-caption alignnone\"><a title=\"Eichardt Hausverwaltung\" href=\"http:\/\/www.eichardt-hv.de\/\" target=\"_blank\"><img loading=\"lazy\" class=\"fade  wp-image-616   \" title=\"Eichardt Hausverwaltung\" alt=\"Eichardt Hausverwaltung\" src=\"http:\/\/elektriker-delitzsch.de\/wp-content\/uploads\/2013\/01\/ref1.jpg\" width=\"300\" height=\"184\" srcset=\"http:\/\/elektriker-delitzsch.de\/wp-content\/uploads\/2013\/01\/ref1.jpg 300w, http:\/\/elektriker-delitzsch.de\/wp-content\/uploads\/2013\/01\/ref1-268x164.jpg 268w\" sizes=\"(max-width: 300px) 100vw, 300px\" \/><\/a><figcaption id=\"caption-attachment-616\" class=\"wp-caption-text\">Komplette Haus- und Anlageninstallation in Mehrfamilienh\u00e4usern &#8211; Wartung und Reparatur<\/figcaption><\/figure><\/td>\n<td>\n<p><figure id=\"attachment_619\" aria-describedby=\"caption-attachment-619\" style=\"width: 700px\" class=\"wp-caption alignnone\"><a title=\"Kartoffelhof Lienig\" href=\"http:\/\/www.kartoffelhof-lienig.de\/\" target=\"_blank\"><img loading=\"lazy\" class=\"fade  wp-image-619  \" title=\"Kartoffelhof Lienig\" alt=\"Kartoffelhof Lienig\" src=\"http:\/\/elektriker-delitzsch.de\/wp-content\/uploads\/2013\/01\/ref2.jpg\" width=\"700\" height=\"184\" srcset=\"http:\/\/elektriker-delitzsch.de\/wp-content\/uploads\/2013\/01\/ref2.jpg 700w, http:\/\/elektriker-delitzsch.de\/wp-content\/uploads\/2013\/01\/ref2-300x78.jpg 300w\" sizes=\"(max-width: 700px) 100vw, 700px\" \/><\/a><figcaption id=\"caption-attachment-619\" class=\"wp-caption-text\">Elektroinstallation in den B\u00fcror\u00e4umen, Lagerhallen und Werkst\u00e4tten Erdarbeiten mit Anschluss an Mittelstromnetz<\/figcaption><\/figure><\/td>\n<\/tr>\n<\/tbody>\n<\/table>\n<table width=\"100%\" border=\"0\">\n<colgroup>\n<col width=\"70%\" \/>\n<col width=\"30%\" \/> <\/colgroup>\n<tbody>\n<tr>\n<td>\n<p><figure id=\"attachment_624\" aria-describedby=\"caption-attachment-624\" style=\"width: 700px\" class=\"wp-caption alignnone\"><a title=\"Schullandheim Reibitz\" href=\"http:\/\/www.schullandheim-reibitz.de\/\" target=\"_blank\"><img loading=\"lazy\" class=\" wp-image-624 fade\" title=\"Schullandheim Reibitz\" alt=\"Schullandheim Reibitz\" src=\"http:\/\/elektriker-delitzsch.de\/wp-content\/uploads\/2013\/01\/ref3.jpg\" width=\"700\" height=\"184\" srcset=\"http:\/\/elektriker-delitzsch.de\/wp-content\/uploads\/2013\/01\/ref3.jpg 700w, http:\/\/elektriker-delitzsch.de\/wp-content\/uploads\/2013\/01\/ref3-300x78.jpg 300w\" sizes=\"(max-width: 700px) 100vw, 700px\" \/><\/a><figcaption id=\"caption-attachment-624\" class=\"wp-caption-text\">Neuinstallation, Wartung und Reparatur der Elektroanlage<\/figcaption><\/figure><\/td>\n<td>\n<p><figure id=\"attachment_630\" aria-describedby=\"caption-attachment-630\" style=\"width: 300px\" class=\"wp-caption alignnone\"><a title=\"Kyhna Spargel\" href=\"http:\/\/www.kyhna-spargel.de\/\" target=\"_blank\"><img loading=\"lazy\" class=\"wp-image-630 fade\" title=\"Kyhna Spargel\" alt=\"Kyhna Spargel\" src=\"http:\/\/elektriker-delitzsch.de\/wp-content\/uploads\/2013\/01\/ref4.jpg\" width=\"300\" height=\"184\" srcset=\"http:\/\/elektriker-delitzsch.de\/wp-content\/uploads\/2013\/01\/ref4.jpg 300w, http:\/\/elektriker-delitzsch.de\/wp-content\/uploads\/2013\/01\/ref4-268x164.jpg 268w\" sizes=\"(max-width: 300px) 100vw, 300px\" \/><\/a><figcaption id=\"caption-attachment-630\" class=\"wp-caption-text\">Neuinstallation, Wartung und Reparatur der Elektroanlage<\/figcaption><\/figure><\/td>\n<\/tr>\n<\/tbody>\n<\/table>\n","protected":false},"excerpt":{"rendered":"","protected":false},"author":1,"featured_media":0,"parent":0,"menu_order":0,"comment_status":"closed","ping_status":"closed","template":"template-full-width.php","meta":[],"_links":{"self":[{"href":"http:\/\/elektriker-delitzsch.de\/index.php?rest_route=\/wp\/v2\/pages\/545"}],"collection":[{"href":"http:\/\/elektriker-delitzsch.de\/index.php?rest_route=\/wp\/v2\/pages"}],"about":[{"href":"http:\/\/elektriker-delitzsch.de\/index.php?rest_route=\/wp\/v2\/types\/page"}],"author":[{"embeddable":true,"href":"http:\/\/elektriker-delitzsch.de\/index.php?rest_route=\/wp\/v2\/users\/1"}],"replies":[{"embeddable":true,"href":"http:\/\/elektriker-delitzsch.de\/index.php?rest_route=%2Fwp%2Fv2%2Fcomments&post=545"}],"version-history":[{"count":51,"href":"http:\/\/elektriker-delitzsch.de\/index.php?rest_route=\/wp\/v2\/pages\/545\/revisions"}],"predecessor-version":[{"id":606,"href":"http:\/\/elektriker-delitzsch.de\/index.php?rest_route=\/wp\/v2\/pages\/545\/revisions\/606"}],"wp:attachment":[{"href":"http:\/\/elektriker-delitzsch.de\/index.php?rest_route=%2Fwp%2Fv2%2Fmedia&parent=545"}],"curies":[{"name":"wp","href":"https:\/\/api.w.org\/{rel}","templated":true}]}}