{"id":182,"date":"2013-01-24T15:15:17","date_gmt":"2013-01-24T13:15:17","guid":{"rendered":"http:\/\/elektriker-delitzsch.de\/?page_id=182"},"modified":"2013-03-28T16:27:33","modified_gmt":"2013-03-28T14:27:33","slug":"tipps-tricks","status":"publish","type":"page","link":"http:\/\/elektriker-delitzsch.de\/?page_id=182","title":{"rendered":"Tipps &#038; Tricks"},"content":{"rendered":"<h4>Hier finden sie einige n\u00fctzliche Dinge, die jeder wissen sollte, wenn er sich mit Elektrizit\u00e4t besch\u00e4ftigt.<\/h4>\n<h4>Alle hier aufgelisteten Informationen sind nur als Hinweise zu sehen und keinesfalls als Anleitung zum selber machen.<\/h4>\n","protected":false},"excerpt":{"rendered":"<p>Hier finden sie einige n\u00fctzliche Dinge, die jeder wissen sollte, wenn er sich mit Elektrizit\u00e4t besch\u00e4ftigt. Alle hier aufgelisteten Informationen sind nur als Hinweise zu sehen und keinesfalls als Anleitung zum selber machen.<\/p>\n","protected":false},"author":1,"featured_media":0,"parent":0,"menu_order":0,"comment_status":"closed","ping_status":"closed","template":"template-full-width.php","meta":[],"_links":{"self":[{"href":"http:\/\/elektriker-delitzsch.de\/index.php?rest_route=\/wp\/v2\/pages\/182"}],"collection":[{"href":"http:\/\/elektriker-delitzsch.de\/index.php?rest_route=\/wp\/v2\/pages"}],"about":[{"href":"http:\/\/elektriker-delitzsch.de\/index.php?rest_route=\/wp\/v2\/types\/page"}],"author":[{"embeddable":true,"href":"http:\/\/elektriker-delitzsch.de\/index.php?rest_route=\/wp\/v2\/users\/1"}],"replies":[{"embeddable":true,"href":"http:\/\/elektriker-delitzsch.de\/index.php?rest_route=%2Fwp%2Fv2%2Fcomments&post=182"}],"version-history":[{"count":15,"href":"http:\/\/elektriker-delitzsch.de\/index.php?rest_route=\/wp\/v2\/pages\/182\/revisions"}],"predecessor-version":[{"id":774,"href":"http:\/\/elektriker-delitzsch.de\/index.php?rest_route=\/wp\/v2\/pages\/182\/revisions\/774"}],"wp:attachment":[{"href":"http:\/\/elektriker-delitzsch.de\/index.php?rest_route=%2Fwp%2Fv2%2Fmedia&parent=182"}],"curies":[{"name":"wp","href":"https:\/\/api.w.org\/{rel}","templated":true}]}}