{"id":180,"date":"2013-01-24T15:13:50","date_gmt":"2013-01-24T13:13:50","guid":{"rendered":"http:\/\/elektriker-delitzsch.de\/?page_id=180"},"modified":"2013-01-30T17:42:00","modified_gmt":"2013-01-30T15:42:00","slug":"gaestebuch","status":"publish","type":"page","link":"http:\/\/elektriker-delitzsch.de\/?page_id=180","title":{"rendered":"G\u00e4stebuch"},"content":{"rendered":"<p>Wir freuen uns \u00fcber einen Eintrag in unserem G\u00e4stebuch!<\/p>\n","protected":false},"excerpt":{"rendered":"<p>Wir freuen uns \u00fcber einen Eintrag in unserem G\u00e4stebuch!<\/p>\n","protected":false},"author":1,"featured_media":0,"parent":0,"menu_order":0,"comment_status":"closed","ping_status":"closed","template":"template-full-width.php","meta":[],"_links":{"self":[{"href":"http:\/\/elektriker-delitzsch.de\/index.php?rest_route=\/wp\/v2\/pages\/180"}],"collection":[{"href":"http:\/\/elektriker-delitzsch.de\/index.php?rest_route=\/wp\/v2\/pages"}],"about":[{"href":"http:\/\/elektriker-delitzsch.de\/index.php?rest_route=\/wp\/v2\/types\/page"}],"author":[{"embeddable":true,"href":"http:\/\/elektriker-delitzsch.de\/index.php?rest_route=\/wp\/v2\/users\/1"}],"replies":[{"embeddable":true,"href":"http:\/\/elektriker-delitzsch.de\/index.php?rest_route=%2Fwp%2Fv2%2Fcomments&post=180"}],"version-history":[{"count":8,"href":"http:\/\/elektriker-delitzsch.de\/index.php?rest_route=\/wp\/v2\/pages\/180\/revisions"}],"predecessor-version":[{"id":196,"href":"http:\/\/elektriker-delitzsch.de\/index.php?rest_route=\/wp\/v2\/pages\/180\/revisions\/196"}],"wp:attachment":[{"href":"http:\/\/elektriker-delitzsch.de\/index.php?rest_route=%2Fwp%2Fv2%2Fmedia&parent=180"}],"curies":[{"name":"wp","href":"https:\/\/api.w.org\/{rel}","templated":true}]}}